{"id":2,"date":"2021-08-17T12:56:31","date_gmt":"2021-08-17T12:56:31","guid":{"rendered":"http:\/\/util.org.br\/?page_id=2"},"modified":"2021-08-17T13:25:36","modified_gmt":"2021-08-17T13:25:36","slug":"sample-page","status":"publish","type":"page","link":"https:\/\/util.org.br\/","title":{"rendered":"Util"},"content":{"rendered":"\n<p>Queremos ser uteis para voc\u00ea! <\/p>\n\n\n\n<blockquote class=\"wp-block-quote is-layout-flow wp-block-quote-is-layout-flow\"><p>Nossos benef\u00edcios s\u00e3o feitos sobre medida para atender nossos associados. Venha fazer parte desse time colaborativo, juntos somos mais fortes. <\/p><\/blockquote>\n\n\n\n<p><\/p>\n","protected":false},"excerpt":{"rendered":"<p>Queremos ser uteis para voc\u00ea! Nossos benef\u00edcios s\u00e3o feitos sobre medida para atender nossos associados. Venha fazer parte desse time colaborativo, juntos somos mais fortes.<\/p>\n","protected":false},"author":1,"featured_media":0,"parent":0,"menu_order":0,"comment_status":"closed","ping_status":"closed","template":"","meta":{"footnotes":""},"class_list":["post-2","page","type-page","status-publish","hentry"],"_links":{"self":[{"href":"https:\/\/util.org.br\/index.php?rest_route=\/wp\/v2\/pages\/2","targetHints":{"allow":["GET"]}}],"collection":[{"href":"https:\/\/util.org.br\/index.php?rest_route=\/wp\/v2\/pages"}],"about":[{"href":"https:\/\/util.org.br\/index.php?rest_route=\/wp\/v2\/types\/page"}],"author":[{"embeddable":true,"href":"https:\/\/util.org.br\/index.php?rest_route=\/wp\/v2\/users\/1"}],"replies":[{"embeddable":true,"href":"https:\/\/util.org.br\/index.php?rest_route=%2Fwp%2Fv2%2Fcomments&post=2"}],"version-history":[{"count":1,"href":"https:\/\/util.org.br\/index.php?rest_route=\/wp\/v2\/pages\/2\/revisions"}],"predecessor-version":[{"id":32,"href":"https:\/\/util.org.br\/index.php?rest_route=\/wp\/v2\/pages\/2\/revisions\/32"}],"wp:attachment":[{"href":"https:\/\/util.org.br\/index.php?rest_route=%2Fwp%2Fv2%2Fmedia&parent=2"}],"curies":[{"name":"wp","href":"https:\/\/api.w.org\/{rel}","templated":true}]}}